{"id":3219,"date":"2023-06-28T20:21:47","date_gmt":"2023-06-28T20:21:47","guid":{"rendered":"http:\/\/upc-shop.com\/producte\/camiseta-hombre-matricula\/"},"modified":"2025-11-10T11:33:42","modified_gmt":"2025-11-10T11:33:42","slug":"camiseta-diseno-colores","status":"publish","type":"product","link":"https:\/\/upc-shop.com\/es\/producte\/camiseta-diseno-colores\/","title":{"rendered":"Camiseta dise\u00f1o UPC recta"},"content":{"rendered":"<p>Camiseta de manga corta, cuello redondo, de color gris recta. Dise\u00f1o especial logo UPC marcado en el pecho en colores vivos.<\/p>\n<p>Algod\u00f3n ring-spun peinado y pre-encogido, doblo cuello en algod\u00f3n y elast\u00e1n. Color Gris<\/p>\n<p>Material: 85% algod\u00f3n, 15% viscosa.<\/p>\n<p>Gramaje: 160 g\/m\u00b2<\/p>\n<p><img decoding=\"async\" class=\"alignnone wp-image-14832\" src=\"http:\/\/upc-shop.com\/wp-content\/uploads\/2023\/06\/icono-oetko-grey-1-300x106.png\" alt=\"\" width=\"85\" height=\"30\" srcset=\"https:\/\/upc-shop.com\/wp-content\/uploads\/2023\/06\/icono-oetko-grey-1-300x106.png 300w, https:\/\/upc-shop.com\/wp-content\/uploads\/2023\/06\/icono-oetko-grey-1.png 400w\" sizes=\"(max-width: 85px) 100vw, 85px\" \/><\/p>\n","protected":false},"excerpt":{"rendered":"<p>Camiseta de manga corta, cuello redondo, de color gris recta. Dise\u00f1o especial logo UPC marcado en el pecho en colores vivos. Algod\u00f3n ring-spun peinado y pre-encogido, doblo cuello en algod\u00f3n y elast\u00e1n. Color Gris Material: 85% algod\u00f3n, 15% viscosa. Gramaje: 160 g\/m\u00b2<\/p>\n","protected":false},"featured_media":15460,"template":"","meta":{"ocean_post_layout":"","ocean_both_sidebars_style":"","ocean_both_sidebars_content_width":0,"ocean_both_sidebars_sidebars_width":0,"ocean_sidebar":"0","ocean_second_sidebar":"0","ocean_disable_margins":"enable","ocean_add_body_class":"","ocean_shortcode_before_top_bar":"","ocean_shortcode_after_top_bar":"","ocean_shortcode_before_header":"","ocean_shortcode_after_header":"","ocean_has_shortcode":"","ocean_shortcode_after_title":"","ocean_shortcode_before_footer_widgets":"","ocean_shortcode_after_footer_widgets":"","ocean_shortcode_before_footer_bottom":"","ocean_shortcode_after_footer_bottom":"","ocean_display_top_bar":"default","ocean_display_header":"default","ocean_header_style":"","ocean_center_header_left_menu":"0","ocean_custom_header_template":"0","ocean_custom_logo":0,"ocean_custom_retina_logo":0,"ocean_custom_logo_max_width":0,"ocean_custom_logo_tablet_max_width":0,"ocean_custom_logo_mobile_max_width":0,"ocean_custom_logo_max_height":0,"ocean_custom_logo_tablet_max_height":0,"ocean_custom_logo_mobile_max_height":0,"ocean_header_custom_menu":"0","ocean_menu_typo_font_family":"0","ocean_menu_typo_font_subset":"","ocean_menu_typo_font_size":0,"ocean_menu_typo_font_size_tablet":0,"ocean_menu_typo_font_size_mobile":0,"ocean_menu_typo_font_size_unit":"px","ocean_menu_typo_font_weight":"","ocean_menu_typo_font_weight_tablet":"","ocean_menu_typo_font_weight_mobile":"","ocean_menu_typo_transform":"","ocean_menu_typo_transform_tablet":"","ocean_menu_typo_transform_mobile":"","ocean_menu_typo_line_height":0,"ocean_menu_typo_line_height_tablet":0,"ocean_menu_typo_line_height_mobile":0,"ocean_menu_typo_line_height_unit":"","ocean_menu_typo_spacing":0,"ocean_menu_typo_spacing_tablet":0,"ocean_menu_typo_spacing_mobile":0,"ocean_menu_typo_spacing_unit":"","ocean_menu_link_color":"","ocean_menu_link_color_hover":"","ocean_menu_link_color_active":"","ocean_menu_link_background":"","ocean_menu_link_hover_background":"","ocean_menu_link_active_background":"","ocean_menu_social_links_bg":"","ocean_menu_social_hover_links_bg":"","ocean_menu_social_links_color":"","ocean_menu_social_hover_links_color":"","ocean_disable_title":"default","ocean_disable_heading":"default","ocean_post_title":"","ocean_post_subheading":"","ocean_post_title_style":"","ocean_post_title_background_color":"","ocean_post_title_background":0,"ocean_post_title_bg_image_position":"","ocean_post_title_bg_image_attachment":"","ocean_post_title_bg_image_repeat":"","ocean_post_title_bg_image_size":"","ocean_post_title_height":0,"ocean_post_title_bg_overlay":0.5,"ocean_post_title_bg_overlay_color":"","ocean_disable_breadcrumbs":"default","ocean_breadcrumbs_color":"","ocean_breadcrumbs_separator_color":"","ocean_breadcrumbs_links_color":"","ocean_breadcrumbs_links_hover_color":"","ocean_display_footer_widgets":"default","ocean_display_footer_bottom":"default","ocean_custom_footer_template":"0"},"product_brand":[],"product_cat":[71],"product_tag":[],"class_list":{"0":"post-3219","1":"product","2":"type-product","3":"status-publish","4":"has-post-thumbnail","6":"product_cat-textil-es","8":"entry","9":"has-media","11":"first","12":"instock","13":"taxable","14":"shipping-taxable","15":"purchasable","16":"product-type-variable","17":"col","18":"span_1_of_3","19":"owp-content-left","20":"item-entry","21":"owp-thumbs-layout-horizontal","22":"owp-btn-normal","23":"owp-tabs-layout-horizontal","24":"has-no-thumbnails"},"_links":{"self":[{"href":"https:\/\/upc-shop.com\/es\/wp-json\/wp\/v2\/product\/3219","targetHints":{"allow":["GET"]}}],"collection":[{"href":"https:\/\/upc-shop.com\/es\/wp-json\/wp\/v2\/product"}],"about":[{"href":"https:\/\/upc-shop.com\/es\/wp-json\/wp\/v2\/types\/product"}],"version-history":[{"count":13,"href":"https:\/\/upc-shop.com\/es\/wp-json\/wp\/v2\/product\/3219\/revisions"}],"predecessor-version":[{"id":19798,"href":"https:\/\/upc-shop.com\/es\/wp-json\/wp\/v2\/product\/3219\/revisions\/19798"}],"wp:featuredmedia":[{"embeddable":true,"href":"https:\/\/upc-shop.com\/es\/wp-json\/wp\/v2\/media\/15460"}],"wp:attachment":[{"href":"https:\/\/upc-shop.com\/es\/wp-json\/wp\/v2\/media?parent=3219"}],"wp:term":[{"taxonomy":"product_brand","embeddable":true,"href":"https:\/\/upc-shop.com\/es\/wp-json\/wp\/v2\/product_brand?post=3219"},{"taxonomy":"product_cat","embeddable":true,"href":"https:\/\/upc-shop.com\/es\/wp-json\/wp\/v2\/product_cat?post=3219"},{"taxonomy":"product_tag","embeddable":true,"href":"https:\/\/upc-shop.com\/es\/wp-json\/wp\/v2\/product_tag?post=3219"}],"curies":[{"name":"wp","href":"https:\/\/api.w.org\/{rel}","templated":true}]}}