{"id":4610,"date":"2023-06-05T19:52:49","date_gmt":"2023-06-05T19:52:49","guid":{"rendered":"https:\/\/upc-shop.com\/aviso-legal\/"},"modified":"2023-07-11T22:18:28","modified_gmt":"2023-07-11T22:18:28","slug":"aviso-legal","status":"publish","type":"page","link":"https:\/\/upc-shop.com\/es\/aviso-legal\/","title":{"rendered":"Aviso Legal"},"content":{"rendered":"\t\t<div data-elementor-type=\"wp-page\" data-elementor-id=\"4610\" class=\"elementor elementor-4610 elementor-7\">\n\t\t\t\t\t\t<section class=\"elementor-section elementor-top-section elementor-element elementor-element-c8f7f90 elementor-section-boxed elementor-section-height-default elementor-section-height-default\" data-id=\"c8f7f90\" data-element_type=\"section\">\n\t\t\t\t\t\t<div class=\"elementor-container elementor-column-gap-default\">\n\t\t\t\t\t<div class=\"elementor-column elementor-col-100 elementor-top-column elementor-element elementor-element-c27279a\" data-id=\"c27279a\" data-element_type=\"column\">\n\t\t\t<div class=\"elementor-widget-wrap elementor-element-populated\">\n\t\t\t\t\t\t<div class=\"elementor-element elementor-element-1ac0216 elementor-widget elementor-widget-heading\" data-id=\"1ac0216\" data-element_type=\"widget\" data-widget_type=\"heading.default\">\n\t\t\t\t<div class=\"elementor-widget-container\">\n\t\t\t\t\t<h1 class=\"elementor-heading-title elementor-size-default\">Aviso Legal<\/h1>\t\t\t\t<\/div>\n\t\t\t\t<\/div>\n\t\t\t\t<div class=\"elementor-element elementor-element-4ec11ce elementor-widget__width-initial elementor-widget elementor-widget-text-editor\" data-id=\"4ec11ce\" data-element_type=\"widget\" data-widget_type=\"text-editor.default\">\n\t\t\t\t<div class=\"elementor-widget-container\">\n\t\t\t\t\t\t\t\t\t<p>Para dar cumplimiento al art\u00edculo 10 de la Ley 34\/2002, de Servicios de la Sociedad de la Informaci\u00f3n y comercio electr\u00f3nico (LSSI-CE), informamos a los usuarios de nuestros datos identificativos y de contacto:  <\/p>\n<ul>\n<li><strong>Nombre o denominaci\u00f3n social:<\/strong> EMPRESA DE SERVICIOS DE PROMOCI\u00d3N Y PUBLICIDAD EMED\u00c9, SL<\/li>\n<li><strong>Nombre comercial: EMEDE<\/strong><\/li>\n<li><strong>Domicilio social: C\/ NICARAGUA 78-82, 08029, BARCELONA (BARCELONA)<\/strong><\/li>\n<li><strong>Tel\u00e9fono:<\/strong> 934050933<\/li>\n<li><strong>E-Mail:<\/strong> ADMINISTRACION@EMEDE.COM<\/li>\n<li><strong>Datos Registrales:<\/strong> Esta sociedad consta inscrita en el Registro Mercantil de Barcelona, \u200b\u200bVolumen 10507, Folio 9518, Hoja 124662, Secci\u00f3n 2\u00aa.<\/li>\n<\/ul>\n<p><strong>1.- OBJETO<\/strong>  <\/p>\n<p>EMPRESA DE SERVICIOS DE PROMOCI\u00d3N Y PUBLICIDAD EMED\u00c9, SL (en lo sucesivo, EMEDE), como responsable del espacio web UPC-SHOP.COM, pone a disposici\u00f3n de los usuarios el presente documento, el cual regula el uso de la web WWW. EMEDE.COM, con el que pretendemos dar cumplimiento a las obligaciones que dispone la Ley 34\/2002, de Servicios de la Sociedad de la Informaci\u00f3n y comercio electr\u00f3nico, as\u00ed como informar a todos los usuarios respecto de cu\u00e1les son las condiciones de uso y navegaci\u00f3n de la p\u00e1gina web. Mediante este sitio web, EMEDE facilita a los usuarios el acceso y utilizaci\u00f3n de los distintos servicios y contenidos puestos a su disposici\u00f3n en esta p\u00e1gina web. Toda persona que acceda a esta p\u00e1gina web ser\u00e1 considerada usuario (en adelante, el usuario), e implica la aceptaci\u00f3n total y sin reservas de todas y cada una de las disposiciones incluidas en este Aviso legal, as\u00ed como otras disposiciones legales que puedan resultar de aplicaci\u00f3n. El usuario deber\u00e1 leer atentamente el presente aviso legal, y se recomienda su lectura antes de visitar la p\u00e1gina web, y cada vez que acceda a \u00e9sta, con el fin de conocer y entender las modificaciones que el prestamista hubiera podido realizar. En este sentido, el prestamista se reserva el derecho de modificar las presentes condiciones, sin que exista la obligaci\u00f3n de avisar o poner en conocimiento de los usuarios las modificaciones efectuadas, siendo suficiente la publicaci\u00f3n de las mismas en esta p\u00e1gina web. Es responsabilidad del usuario acceder peri\u00f3dicamente a estas condiciones, ya que ser\u00e1n de aplicaci\u00f3n las m\u00e1s recientes, dejando sin efecto las condiciones previas.  <\/p>\n<p><strong>2.- CONDICIONES DE ACCESO Y UTILIZACI\u00d3N DE LA P\u00c1GINA WEB  <\/strong> <\/p>\n<p>Mediante el presente aviso legal se informa a los usuarios de las condiciones que rigen el acceso y uso de la p\u00e1gina web, teniendo las mismas la consideraci\u00f3n de condiciones generales de contrataci\u00f3n.  <\/p>\n<p><strong>2.1. Car\u00e1cter gratuito del acceso y uso de la web.  <\/strong>La prestaci\u00f3n de los servicios por parte de EMEDE en este sitio web tiene car\u00e1cter gratuito para todos los usuarios. Sin embargo, algunos de los servicios suministrados por el prestamista a trav\u00e9s de esta p\u00e1gina web pueden estar sujetos a el pago de un precio determinado. En este supuesto, siempre se informar\u00e1 al usuario del car\u00e1cter oneroso de determinados servicios, siendo necesaria su previa contrataci\u00f3n, resultando de aplicaci\u00f3n las condiciones generales de venta que hubiera en la p\u00e1gina web, as\u00ed como la normativa de consumo vigente en cada momento.  <\/p>\n<p><strong>2.2. Registro de usuario.  <\/strong>A todos los efectos, la prestaci\u00f3n de los servicios ofrecidos en esta p\u00e1gina web no exigen la previa suscripci\u00f3n o registro de los usuarios. Sin embargo, es posible que el prestamista condicione el uso de algunos servicios al previo cumplimiento del correspondiente registro de usuarios. Este registro se efectuar\u00e1 en la forma expresamente indicada en la propia secci\u00f3n del servicio. El tratamiento de datos personales del usuario que pueda tener lugar como consecuencia de un registro o suscripci\u00f3n se regir\u00e1 por nuestra Pol\u00edtica de Privacidad.  <\/p>\n<p><strong>2.3. Veracidad de la informaci\u00f3n.  <\/strong>Toda la informaci\u00f3n que facilite el usuario a trav\u00e9s de esta p\u00e1gina web deber\u00e1 ser veraz. A estos efectos, el usuario garantiza la autenticidad de los datos comunicados a trav\u00e9s de los formularios de contacto habilitados. Ser\u00e1 responsabilidad del usuario mantener toda la informaci\u00f3n facilitada a EMEDE permanentemente actualizada de forma que responda, en cada momento, a su situaci\u00f3n real. En todo caso, el usuario ser\u00e1 el \u00fanico responsable de las manifestaciones falsas o inexactas que realice y de los perjuicios que pueda causar al prestamista oa terceros.  <\/p>\n<p><strong>2.4. Menores de edad.  <\/strong>EMEDE recomienda el uso de esta p\u00e1gina web a mayores de 18 a\u00f1os. Para el uso de los servicios de esta p\u00e1gina web, los menores de edad deben obtener siempre previamente el consentimiento de los padres, tutores o representantes legales, responsables \u00faltimos de todos los actos realizados por los menores a su cargo. La responsabilidad en la determinaci\u00f3n de contenidos concretos a los que accedan los menores corresponde a aquellos, por lo que, si acceden a contenidos no apropiados por Internet, deber\u00e1n configurarse en sus ordenadores o dispositivos m\u00f3viles mecanismos (filtros, bloqueos, etc.) .), que permitan limitar los contenidos disponibles.  <\/p>\n<p><strong>2.5. Obligaciones de los usuarios.  <\/strong>El usuario se compromete a utilizar esta p\u00e1gina web de conformidad con las presentes Condiciones, ley, moral y buenas costumbres. En estos t\u00e9rminos, el usuario se abstendr\u00e1 de utilizar este sitio web con fines il\u00edcitos o prohibidos, lesivos de derechos e intereses del prestamista, otros usuarios y terceros, o que de cualquier forma puedan da\u00f1ar, inutilizar, sobrecargar, deteriorar o impedir la normal utilizaci\u00f3n de equipos inform\u00e1ticos o documentos, archivos y toda clase de contenidos almacenados en cualquier equipo inform\u00e1tico del prestamista o terceros. En particular, ya t\u00edtulo indicativo, pero no exhaustivo, el usuario se compromete a no transmitir, difundir o poner a disposici\u00f3n de terceras informaciones, datos, contenidos, mensajes, gr\u00e1ficos, dibujos, archivos de sonido o imagen, fotograf\u00edas, grabaciones, software y , en general, cualquier clase de material que:  <\/p>\n<ul>\n<li>Sea contrario, desprecie o atente contra los derechos fundamentales y libertades p\u00fablicas reconocidas constitucionalmente, en tratados internacionales y otras normas vigentes.<\/li>\n<li>Induzca, incite o promueva actuaciones delictivas, denigrantes, difamatorias, violentas o, en general, contrarias a las leyes, la moral y el orden p\u00fablico.<\/li>\n<li>Induzca, incite o promueva actuaciones, actitudes o pensamientos discriminatorios por raz\u00f3n de sexo, raza, religi\u00f3n, creencias, edad, orientaci\u00f3n sexual o condici\u00f3n, entre otros.<\/li>\n<li>Sea contrario al derecho al honor, a la intimidad personal o familiar oa la propia imagen de las personas.<\/li>\n<li>De cualquier forma que perjudique la credibilidad del prestamista o de terceros.<\/li>\n<li>Que constituya publicidad il\u00edcita, enga\u00f1osa o desleal.<\/li>\n<\/ul>\n<p><strong>3.- EXCLUSI\u00d3N DE GARANT\u00cdAS Y RESPONSABILIDAD  <\/strong> <\/p>\n<p>El contenido de este sitio web es de car\u00e1cter general y tiene una finalidad meramente informativa, sin que se garantice plenamente el acceso a todos los contenidos, ni su exhaustividad, correcci\u00f3n, vigencia o actualidad; ni su idoneidad o utilidad para un objetivo espec\u00edfico. El prestamista se exime de cualquier tipo de responsabilidad derivada de la informaci\u00f3n publicada en nuestra p\u00e1gina web, siempre que esta informaci\u00f3n haya sido manipulada o introducida por un tercero ajeno. Este sitio web ha sido revisado y probado para que funcione correctamente. No obstante, el prestamista no descarta la posibilidad de que existan determinados errores de programaci\u00f3n, o que sucedan causas de fuerza mayor, cat\u00e1strofes naturales, huelgas, o circunstancias similares que hagan imposible de forma temporal el acceso a la p\u00e1gina web. El prestamista excluye, hasta donde permite el ordenamiento jur\u00eddico, cualquier responsabilidad por los da\u00f1os y perjuicios de toda naturaleza derivados de:  <\/p>\n<ol>\n<li>La imposibilidad de acceso a la p\u00e1gina web o la falta de veracidad, exactitud, exhaustividad y\/o actualidad de los contenidos, as\u00ed como la existencia de vicios y defectos de toda clase de los contenidos transmitidos, difundidos, almacenados, puestos a disposici\u00f3n a los que se haya accedido a trav\u00e9s del sitio web o de los servicios que se ofrecen.<\/li>\n<li>La presencia de virus u otros elementos en los contenidos que puedan producir alteraciones en sistemas inform\u00e1ticos, documentos electr\u00f3nicos o datos de los usuarios.<\/li>\n<li>El incumplimiento de las leyes, buena fe, orden p\u00fablico, usos del tr\u00e1fico y el presente Aviso Legal, como consecuencia del uso incorrecto del sitio web. En particular, ya modo de ejemplo, el prestamista no se hace responsable de las actuaciones de terceros que vulneren derechos de propiedad intelectual e industrial, secretos empresariales, derechos al honor, a la intimidad personal y familiar ya la propia imagen , as\u00ed como la normativa en materia de competencia desleal y publicidad il\u00edcita.<\/li>\n<\/ol>\n<p>  El prestamista no garantiza la disponibilidad continua y permanente de los servicios, quedando exonerado de cualquier responsabilidad por posibles da\u00f1os y perjuicios causados \u200b\u200bcomo consecuencia de la falta de disponibilidad del servicio por motivos de fuerza mayor o errores en las redes telem\u00e1ticas de transferencia de datos ajenos a su voluntad, o por desconexiones realizadas por trabajos de mejora o mantenimiento de los equipos y sistemas inform\u00e1ticos. El prestamista no ser\u00e1 responsable por la interrupci\u00f3n, suspensi\u00f3n o finalizaci\u00f3n de la informaci\u00f3n o servicios. Asimismo, no se responsabiliza de las posibles omisiones, p\u00e9rdidas de informaci\u00f3n, datos, configuraciones, accesos indebidos o vulneraci\u00f3n de la confidencialidad que tengan origen en problemas t\u00e9cnicos, de comunicaciones u omisiones humanas, causadas por terceros o no imputables al prestamista. Tampoco responder\u00e1 de los da\u00f1os producidos por ataques inform\u00e1ticos o causados \u200b\u200bpor virus que afecten a programas inform\u00e1ticos, sistemas de comunicaciones o equipos utilizados por el prestamista, pero fabricados o facilitados por un tercero. El prestamista podr\u00e1, a su sola discreci\u00f3n, denegar, retirar, suspender y\/o bloquear en cualquier momento, y sin necesidad de previo aviso, el acceso a la informaci\u00f3n y servicios a aquellos usuarios que incumplan las presentes condiciones. El prestamista no se hace responsable bajo ninguna circunstancia de los da\u00f1os que puedan surgir a ra\u00edz del uso ilegal o indebido de la presente p\u00e1gina web. En todo caso, el prestamista excluye cualquier responsabilidad por los da\u00f1os y perjuicios que puedan deberse a la informaci\u00f3n y\/o servicios prestados o suministrados por terceros, distintos de los ofrecidos por el prestamista. Toda responsabilidad recaer\u00e1 sobre el tercero, ya sea ese proveedor, colaborador u otro.  <\/p>\n<p><strong>4.- ENLACES ( <em>LINKS<\/em> )<\/strong><\/p>\n<p>  Es posible que este sitio web incluya enlaces o hiperv\u00ednculos que permita a los usuarios ser redirigidos a contenidos de p\u00e1ginas web y sitios de Internet pertenecientes a terceros ajenos al prestamista. Debido a que desde nuestra p\u00e1gina web no podemos controlar siempre los contenidos introducidos por terceros, EMEDE no asume ning\u00fan tipo de responsabilidad respecto a estos contenidos. En todo caso, el prestamista manifiesta que proceder\u00e1 a la retirada inmediata de cualquier contenido que pudiera contravenir la legislaci\u00f3n nacional y\/o internacional, la moral o el orden p\u00fablico, procediendo a la retirada inmediata del enlace o enlace a webs de terceros , y poniendo en conocimiento de las autoridades competentes el contenido en cuesti\u00f3n. El prestamista no se responsabiliza de la informaci\u00f3n y contenidos almacenados, a t\u00edtulo enunciativo, pero no limitativo, en foros, chats, generadores de blogs, comentarios, redes sociales o cualquier otro medio que permita a terceros publicar contenidos de forma independiente en la p\u00e1gina web del prestamista. No obstante, y en cumplimiento de lo dispuesto en los art\u00edculos 11 y 16 LSSI-CE, el prestamista se pone a disposici\u00f3n de los usuarios, autoridades y fuerzas de seguridad, colaborando de forma activa en la retirada o, cuando sea necesario, el bloqueo de todos aquellos contenidos que puedan afectar o contravenir a la legislaci\u00f3n nacional, o internacional, derechos de terceros, o la moral y el orden p\u00fablico. En caso de que el usuario considere que pueda existir alg\u00fan contenido que pudiera ser susceptible de esta clasificaci\u00f3n, se ruega lo haga saber lo antes posible al administrador del sitio web.  <\/p>\n<p><strong>5.- PROPIEDAD INTELECTUAL<\/strong>  <\/p>\n<p>Este sitio web, incluyendo a t\u00edtulo enunciativo, pero no limitativo, la programaci\u00f3n, edici\u00f3n, compilaci\u00f3n y otros elementos necesarios para su funcionamiento; los dise\u00f1os, logotipos, textos, fotograf\u00edas y\/o elementos gr\u00e1ficos y sonoros, son propiedad del prestamista, o bien dispone de las licencias y\/o autorizaciones concedidas por sus autores para su uso leg\u00edtimo. Todos los contenidos del sitio web est\u00e1n debidamente protegidos por la normativa sobre propiedad intelectual e industrial aplicable. Independientemente de la finalidad por la que fuesen destinados, la reproducci\u00f3n total o parcial, uso, distribuci\u00f3n y comunicaci\u00f3n p\u00fablica requieren de la autorizaci\u00f3n escrita previa por parte del prestamista. Cualquier uso no autorizado previamente por parte del prestamista ser\u00e1 considerado un incumplimiento grave de los derechos de propiedad intelectual e industrial de su leg\u00edtimo propietario. Los dise\u00f1os, logotipos, textos, gr\u00e1ficos, entre otros, ajenos al prestamista y que puedan aparecer en este sitio web, pertenecen a sus respectivos propietarios, siendo ellos mismos responsables de cualquier posible controversia que pudiera acontecer respecto de los mismos. En todo caso, el prestamista cuenta con la autorizaci\u00f3n expresa y previa por parte de los mismos para su utilizaci\u00f3n en esta p\u00e1gina web. El prestamista reconoce a favor de sus titulares los correspondientes derechos de propiedad industrial e intelectual, no implicando su menci\u00f3n o aparici\u00f3n en el sitio web, de la existencia de derechos o responsabilidad alguna del prestamista sobre los mismos, como tampoco apoyo, patrocinio o recomendaci\u00f3n por parte del mismo.  <\/p>\n<p><strong>6.- REDES SOCIALES<\/strong><\/p>\n<p>  Le informamos que EMEDE puede estar presente en diversas redes sociales. El tratamiento de los datos que los usuarios incluyan en los mismos, siendo seguidores de los perfiles de EMEDE, o realizando cualquier v\u00ednculo o acci\u00f3n de conexi\u00f3n a trav\u00e9s de ellos, se regir\u00e1 por el presente apartado de este Aviso Legal. Cuando el usuario se encuentre en el perfil de EMEDE en las diversas redes sociales en las que tenga presencia, le son de aplicaci\u00f3n las condiciones de uso y las pol\u00edticas de privacidad de las diferentes redes sociales. EMEDE no se har\u00e1 responsable de los comentarios que otros usuarios de las redes sociales puedan publicar en el perfil de la empresa, todo ello sin perjuicio de las posibles acciones que EMEDE pueda ejercer frente a los titulares de las redes sociales (por ejemplo, solicitud eliminaci\u00f3n de comentarios inapropiados, ofensivos, o lesivos de derechos de otros usuarios). EMEDE tendr\u00e1 acceso a los datos personales que el usuario haya publicado en sus perfiles de las redes sociales, al igual que otros usuarios de las redes sociales puedan tener acceso. Queda prohibida la publicaci\u00f3n del siguiente contenido en el perfil de EMEDE en redes sociales, todo ello sin perjuicio de las normas de conducta y condiciones de uso del servicio impuestas por los titulares de las distintas redes sociales:  <\/p>\n<ul>\n<li>Publicaciones que incumplan la normativa nacional, comunitaria e internacional aplicable, o que supongan la realizaci\u00f3n de actividades il\u00edcitas o que contravengan los principios de la buena fe.<\/li>\n<li>Publicaciones que atenten contra los derechos fundamentales y libertades p\u00fablicas de las personas, falten a la cortes\u00eda en la red, al respeto o al buen nombre.<\/li>\n<\/ul>\n<p>Asimismo, EMEDE se reserva la potestad de retirar de la p\u00e1gina web, o de las redes sociales, aquellos contenidos que se consideren inadecuados.  <\/p>\n<p><strong>7.- PROTECCI\u00d3N DE DATOS<\/strong>  <\/p>\n<p>Es posible que el prestamista obtenga datos personales de los usuarios a trav\u00e9s de formularios de contacto, formularios de registro u otros medios similares. El usuario podr\u00e1 obtener m\u00e1s informaci\u00f3n sobre el tratamiento de sus datos personales en nuestra Pol\u00edtica de Privacidad, o dirigi\u00e9ndose al prestamista a trav\u00e9s de los datos de contacto contenidos en el presente Aviso Legal, ya trav\u00e9s de los formularios de contacto que, en su caso, hayan sido habilitados al efecto.  <\/p>\n<p><strong>8.- COOKIES<\/strong>  <\/p>\n<p>Este sitio web utiliza cookies propias y de terceros. Para conocer m\u00e1s informaci\u00f3n sobre qu\u00e9 son las cookies y para qu\u00e9 utilizarlas, puedes acceder a nuestra Pol\u00edtica de Cookies.  <\/p>\n<p><strong>9.- NULIDAD PARCIAL<\/strong><\/p>\n<p>Si alguna de las condiciones del presente Aviso Legal fuese declarada nula o ineficaz por resoluci\u00f3n firme dictada por autoridad competente, los restantes t\u00e9rminos y condiciones permanecer\u00e1n en vigor, sin que queden afectados por esta declaraci\u00f3n de nulidad.  <\/p>\n<p><strong>10.- LEY APLICABLE Y JURISDICCI\u00d3N<\/strong>  <\/p>\n<p>Para la resoluci\u00f3n de las controversias o cuestiones relacionadas con las presentes condiciones, es de aplicaci\u00f3n la legislaci\u00f3n espa\u00f1ola, siendo competente por el conocimiento de los conflictos que puedan surgir en la interpretaci\u00f3n y aplicaci\u00f3n de las presentes condiciones de los Juzgados y Tribunales de domicilio del prestamista o del usuario, a elecci\u00f3n de \u00e9ste \u00faltimo.<\/p>\n\t\t\t\t\t\t\t\t<\/div>\n\t\t\t\t<\/div>\n\t\t\t\t\t<\/div>\n\t\t<\/div>\n\t\t\t\t\t<\/div>\n\t\t<\/section>\n\t\t\t\t<\/div>\n\t\t","protected":false},"excerpt":{"rendered":"<p>Aviso Legal Para dar cumplimiento al art\u00edculo 10 de la Ley 34\/2002, de Servicios de la Sociedad de la Informaci\u00f3n y comercio electr\u00f3nico (LSSI-CE), informamos a los usuarios de nuestros datos identificativos y de contacto: Nombre o denominaci\u00f3n social: EMPRESA DE SERVICIOS DE PROMOCI\u00d3N Y PUBLICIDAD EMED\u00c9, SL Nombre comercial: EMEDE Domicilio social: C\/ NICARAGUA [&hellip;]<\/p>\n","protected":false},"author":1,"featured_media":0,"parent":0,"menu_order":0,"comment_status":"closed","ping_status":"closed","template":"","meta":{"ocean_post_layout":"","ocean_both_sidebars_style":"","ocean_both_sidebars_content_width":0,"ocean_both_sidebars_sidebars_width":0,"ocean_sidebar":"0","ocean_second_sidebar":"0","ocean_disable_margins":"enable","ocean_add_body_class":"","ocean_shortcode_before_top_bar":"","ocean_shortcode_after_top_bar":"","ocean_shortcode_before_header":"","ocean_shortcode_after_header":"","ocean_has_shortcode":"","ocean_shortcode_after_title":"","ocean_shortcode_before_footer_widgets":"","ocean_shortcode_after_footer_widgets":"","ocean_shortcode_before_footer_bottom":"","ocean_shortcode_after_footer_bottom":"","ocean_display_top_bar":"default","ocean_display_header":"default","ocean_header_style":"","ocean_center_header_left_menu":"0","ocean_custom_header_template":"0","ocean_custom_logo":0,"ocean_custom_retina_logo":0,"ocean_custom_logo_max_width":0,"ocean_custom_logo_tablet_max_width":0,"ocean_custom_logo_mobile_max_width":0,"ocean_custom_logo_max_height":0,"ocean_custom_logo_tablet_max_height":0,"ocean_custom_logo_mobile_max_height":0,"ocean_header_custom_menu":"0","ocean_menu_typo_font_family":"0","ocean_menu_typo_font_subset":"","ocean_menu_typo_font_size":0,"ocean_menu_typo_font_size_tablet":0,"ocean_menu_typo_font_size_mobile":0,"ocean_menu_typo_font_size_unit":"px","ocean_menu_typo_font_weight":"","ocean_menu_typo_font_weight_tablet":"","ocean_menu_typo_font_weight_mobile":"","ocean_menu_typo_transform":"","ocean_menu_typo_transform_tablet":"","ocean_menu_typo_transform_mobile":"","ocean_menu_typo_line_height":0,"ocean_menu_typo_line_height_tablet":0,"ocean_menu_typo_line_height_mobile":0,"ocean_menu_typo_line_height_unit":"","ocean_menu_typo_spacing":0,"ocean_menu_typo_spacing_tablet":0,"ocean_menu_typo_spacing_mobile":0,"ocean_menu_typo_spacing_unit":"","ocean_menu_link_color":"","ocean_menu_link_color_hover":"","ocean_menu_link_color_active":"","ocean_menu_link_background":"","ocean_menu_link_hover_background":"","ocean_menu_link_active_background":"","ocean_menu_social_links_bg":"","ocean_menu_social_hover_links_bg":"","ocean_menu_social_links_color":"","ocean_menu_social_hover_links_color":"","ocean_disable_title":"default","ocean_disable_heading":"default","ocean_post_title":"","ocean_post_subheading":"","ocean_post_title_style":"","ocean_post_title_background_color":"","ocean_post_title_background":0,"ocean_post_title_bg_image_position":"","ocean_post_title_bg_image_attachment":"","ocean_post_title_bg_image_repeat":"","ocean_post_title_bg_image_size":"","ocean_post_title_height":0,"ocean_post_title_bg_overlay":0.5,"ocean_post_title_bg_overlay_color":"","ocean_disable_breadcrumbs":"default","ocean_breadcrumbs_color":"","ocean_breadcrumbs_separator_color":"","ocean_breadcrumbs_links_color":"","ocean_breadcrumbs_links_hover_color":"","ocean_display_footer_widgets":"default","ocean_display_footer_bottom":"default","ocean_custom_footer_template":"0","footnotes":""},"class_list":["post-4610","page","type-page","status-publish","hentry","entry","owp-thumbs-layout-horizontal","owp-btn-normal","owp-tabs-layout-horizontal","has-no-thumbnails"],"_links":{"self":[{"href":"https:\/\/upc-shop.com\/es\/wp-json\/wp\/v2\/pages\/4610","targetHints":{"allow":["GET"]}}],"collection":[{"href":"https:\/\/upc-shop.com\/es\/wp-json\/wp\/v2\/pages"}],"about":[{"href":"https:\/\/upc-shop.com\/es\/wp-json\/wp\/v2\/types\/page"}],"author":[{"embeddable":true,"href":"https:\/\/upc-shop.com\/es\/wp-json\/wp\/v2\/users\/1"}],"replies":[{"embeddable":true,"href":"https:\/\/upc-shop.com\/es\/wp-json\/wp\/v2\/comments?post=4610"}],"version-history":[{"count":1,"href":"https:\/\/upc-shop.com\/es\/wp-json\/wp\/v2\/pages\/4610\/revisions"}],"predecessor-version":[{"id":4611,"href":"https:\/\/upc-shop.com\/es\/wp-json\/wp\/v2\/pages\/4610\/revisions\/4611"}],"wp:attachment":[{"href":"https:\/\/upc-shop.com\/es\/wp-json\/wp\/v2\/media?parent=4610"}],"curies":[{"name":"wp","href":"https:\/\/api.w.org\/{rel}","templated":true}]}}