{"id":4602,"date":"2023-06-05T19:41:17","date_gmt":"2023-06-05T19:41:17","guid":{"rendered":"https:\/\/upc-shop.com\/politica-de-privacidad\/"},"modified":"2023-07-11T22:13:59","modified_gmt":"2023-07-11T22:13:59","slug":"politica-de-privacidad","status":"publish","type":"page","link":"https:\/\/upc-shop.com\/es\/politica-de-privacidad\/","title":{"rendered":"Pol\u00edtica de privacidad"},"content":{"rendered":"\t\t<div data-elementor-type=\"wp-page\" data-elementor-id=\"4602\" class=\"elementor elementor-4602 elementor-3\">\n\t\t\t\t\t\t<section class=\"elementor-section elementor-top-section elementor-element elementor-element-6c09d02 elementor-section-boxed elementor-section-height-default elementor-section-height-default\" data-id=\"6c09d02\" data-element_type=\"section\">\n\t\t\t\t\t\t<div class=\"elementor-container elementor-column-gap-default\">\n\t\t\t\t\t<div class=\"elementor-column elementor-col-100 elementor-top-column elementor-element elementor-element-c42c579\" data-id=\"c42c579\" data-element_type=\"column\">\n\t\t\t<div class=\"elementor-widget-wrap elementor-element-populated\">\n\t\t\t\t\t\t<div class=\"elementor-element elementor-element-86ff282 elementor-widget elementor-widget-heading\" data-id=\"86ff282\" data-element_type=\"widget\" data-widget_type=\"heading.default\">\n\t\t\t\t<div class=\"elementor-widget-container\">\n\t\t\t\t\t<h1 class=\"elementor-heading-title elementor-size-default\">Pol\u00edtica de privacidad<\/h1>\t\t\t\t<\/div>\n\t\t\t\t<\/div>\n\t\t\t\t<div class=\"elementor-element elementor-element-64306ae elementor-widget elementor-widget-text-editor\" data-id=\"64306ae\" data-element_type=\"widget\" data-widget_type=\"text-editor.default\">\n\t\t\t\t<div class=\"elementor-widget-container\">\n\t\t\t\t\t\t\t\t\t<p>Por medio de este sitio web, se recogen datos de car\u00e1cter personal necesarios para la gesti\u00f3n y mantenimiento de algunos de nuestros servicios.  <\/p>\n<p>Le informamos que el titular del sitio web (responsable del tratamiento) cumple con la Ley Org\u00e1nica 3\/2018, de 5 de diciembre, de Protecci\u00f3n de Datos Personal y garant\u00eda de los derechos digitales (en adelante, LOPDGDD), el Reglamento UE 2016\/ 679, General de Protecci\u00f3n de Datos (en adelante, RGPD) y dem\u00e1s normativa vigente y de aplicaci\u00f3n en cada momento, velando por garantizar un correcto uso y tratamiento de los datos personales del usuario. De conformidad con el art\u00edculo 13 del RGPD y 11 de la LOPDGDD, esta Pol\u00edtica de Privacidad es v\u00e1lida en los tratamientos de datos de car\u00e1cter personal que EMPRESA DE SERVICIOS DE PROMOCI\u00d3N Y PUBLICIDAD EMED\u00c9, SL (en adelante, EMEDE) realiza como responsable del tratamiento, en relaci\u00f3n con los datos que los usuarios y\/o clientes (personas f\u00edsicas) facilitan como consecuencia de la solicitud de informaci\u00f3n y\/o contrataci\u00f3n de los servicios y\/o productos que presta y comercializa a trav\u00e9s de esta p\u00e1gina web, o recaudados en cualquiera de las secciones de la p\u00e1gina web.  <\/p>\n<p><strong>Identidad del responsable del tratamiento de sus datos personales<\/strong>  <\/p>\n<ul>\n<li><strong>Responsable del tratamiento<\/strong> : EMPRESA DE SERVICIOS DE PROMOCI\u00d3N Y PUBLICIDAD EMED\u00c9, SL<\/li>\n<li><strong>Nombre comercial<\/strong>: EMEDE<\/li>\n<li><strong>Domicilio<\/strong> : C\/ NICARAGUA 78-82, 08029, BARCELONA (BARCELONA)<\/li>\n<li><strong>NIF<\/strong> : B58624180<\/li>\n<li><strong>Email<\/strong> : administraci\u00f3n@emede.com<\/li>\n<\/ul>\n<p><strong> <\/strong><\/p>\n<p><strong>FINALIDADES DEL TRATAMIENTO DE SUS DATOS PERSONALES<\/strong>  <\/p>\n<p>Sus datos personales se utilizar\u00e1n con la finalidad gen\u00e9rica de gesti\u00f3n y control de la relaci\u00f3n comercial establecida entre el usuario y el responsable del tratamiento, y espec\u00edficamente para:  <\/p>\n<ul>\n<li>Gestionar el acceso completo y la correcta utilizaci\u00f3n de los servicios y\/o productos por parte de los usuarios.<\/li>\n<li>Para comunicarse con los usuarios en respuesta a incidencias, solicitudes, comentarios y preguntas que nos haga a trav\u00e9s de los servicios y\/o productos, as\u00ed como en los formularios de contacto de nuestra p\u00e1gina web (incluidos correos electr\u00f3nicos y\/o llamadas telef\u00f3nicas ).<\/li>\n<li>Para proporcionar, actualizar, mantener y proteger los servicios y\/o productos y actividades.<\/li>\n<li>Para ofrecer nuevos servicios y\/o productos, ofertas especiales o actualizaciones.<\/li>\n<li>En su caso, gestionar procesos de selecci\u00f3n de personal en procesos selectivos de trabajadores y\/o colaboradores.<\/li>\n<li>Comunicaciones: Podremos enviar correos electr\u00f3nicos, mensajes y otros tipos de comunicaci\u00f3n en referencia a los servicios y\/o productos contratados, as\u00ed como para cuestiones t\u00e9cnicas que puedan afectar a esta p\u00e1gina web. Estas comunicaciones se considerar\u00e1n parte de los servicios y\/o productos contratados o solicitados.<\/li>\n<li>En su caso, comunicaciones comerciales (marketing): Podremos utilizar sus datos personales para contactar, tanto por v\u00eda electr\u00f3nica como no electr\u00f3nica, para realizar encuestas, obtener su opini\u00f3n sobre el servicio prestado, y, ocasionalmente, para notificarle cambios, desarrollos importantes de los servicios y\/o productos, ofertas y\/o promociones de nuestros servicios y\/o productos o de terceras empresas relacionadas con nosotros. Estas ofertas comerciales ser\u00e1n, en todo caso, autorizadas de forma expresa y separada por el usuario que, puede revocar en cualquier momento su consentimiento a recibir estas notificaciones utilizando el mecanismo implementado al efecto en las mismas, o bien, desde las preferencias de la cuenta de cliente.<\/li>\n<\/ul>\n<p>No trataremos sus datos personales para ninguna otra finalidad m\u00e1s all\u00e1 de los descritos anteriormente, salvo que venga impuesto por ley o exista alg\u00fan requerimiento judicial y\/o administrativo que implique un tratamiento de datos con finalidades distintas a las expuestas.  <\/p>\n<p><strong>PLAZO DE CONSERVACI\u00d3N<\/strong>  <\/p>\n<p>Los datos personales proporcionados se conservar\u00e1n y tratar\u00e1n mientras se mantenga la relaci\u00f3n de prestaci\u00f3n de servicios y\/o productos, sin perjuicio de la posibilidad de ejercer sus derechos en materia de protecci\u00f3n de datos (acceso, rectificaci\u00f3n, supresi\u00f3n, oposici\u00f3n, limitaci\u00f3n, portabilidad ya no ser objeto de decisiones individuales automatizadas). Los datos personales de las personas interesadas en la recepci\u00f3n de informaci\u00f3n sobre los servicios y\/o productos se mantendr\u00e1n en el sistema de forma indefinida en tanto el interesado no solicite su supresi\u00f3n.  <\/p>\n<p><strong>LEGITIMACI\u00d3N DEL TRATAMIENTO<\/strong>  <\/p>\n<p>EMEDE trata sus datos personales de acuerdo con las siguientes bases legales: <strong>Consentimiento del interesado<\/strong> (1), <strong>ejecuci\u00f3n de un contrato o medidas precontractuales<\/strong> (2) e <strong>inter\u00e9s leg\u00edtimo<\/strong> (3).  <\/p>\n<ol>\n<li><strong>El consentimiento del interesado<\/strong> prestado para las finalidades anteriormente descritas, que se solicitar\u00e1:<\/li>\n<\/ol>\n<ul>\n<li>Antes de proceder a tratar sus datos,<\/li>\n<li>En el proceso de registro como cliente o,<\/li>\n<li>En el momento de enviar comunicaciones comerciales de EMEDE.<\/li>\n<\/ul>\n<p>  Las solicitudes de informaci\u00f3n que nos haga llegar requieren que el interesado nos facilite de forma voluntaria los datos necesarios para poder atenderle o prestarle los servicios y\/o productos. Sin embargo, el interesado puede libremente negarse a facilitarnos estos datos o, posteriormente, revocar el consentimiento previamente otorgado para tratar sus datos, aunque esta negativa implicar\u00e1 la imposibilidad de poder atender su petici\u00f3n.  <\/p>\n<ol start=\"2\">\n<li>El tratamiento de datos por parte de EMEDE es necesario para <strong>la ejecuci\u00f3n de un contrato<\/strong> en el que el interesado es parte o para la <strong>aplicaci\u00f3n a petici\u00f3n de \u00e9ste de medidas precontractuales<\/strong> . Esta base jur\u00eddica ser\u00e1 de aplicaci\u00f3n si el usuario adquiere productos o contrata servicios a trav\u00e9s de nuestra web.<\/li>\n<li><strong>El Inter\u00e9s leg\u00edtimo<\/strong> de EMEDE en mantener y fidelizar a sus clientes y\/o usuarios y atender mejor sus expectativas o intereses previamente manifestados, por ejemplo: mejorar los productos y\/o servicios ofrecidos, gestionar solicitudes, consultas o reclamaciones, ofrecer productos similares a los contratados, informar sobre promociones y descuentos vigentes, entre otros. Todo lo que se indica anteriormente se entiende sin perjuicio del desempe\u00f1o por parte de EMEDE del resto de obligaciones relativas al env\u00edo de comunicaciones comerciales por v\u00eda electr\u00f3nica.<\/li>\n<\/ol>\n<p>  EMEDE entiende que, al facilitar sus datos personales, el interesado garantiza y se hace responsable de la veracidad, actualidad y exactitud de los mismos, aceptando y consintiendo expresamente el tratamiento para las finalidades antes descritas.  <\/p>\n<p><strong>DESTINATARIOS DE CESIONES O TRANSFERENCIAS INTERNACIONALES<\/strong>  <\/p>\n<p>A todos los efectos, EMEDE no ceder\u00e1 sus datos personales a terceros a menos que estemos obligados legalmente o usted nos lo haya autorizado expresamente al hacer uso de nuestros servicios y\/o productos. EMEDE no realizar\u00e1 transferencias internacionales de los datos personales recabados a trav\u00e9s de este sitio web, con excepci\u00f3n de los siguientes supuestos:  <\/p>\n<ul>\n<li>Que la transferencia internacional de datos sea necesaria para la ejecuci\u00f3n de un contrato o medidas precontractuales en las que el interesado sea parte.<\/li>\n<li>Que la transferencia internacional de datos sea necesaria por aplicaci\u00f3n de la legislaci\u00f3n vigente.<\/li>\n<li>Que la transferencia internacional de datos tenga lugar para intervenir consentimiento expreso del interesado.<\/li>\n<li>Que la transferencia internacional de datos tenga lugar por encontrarse alojada la p\u00e1gina web en servidores ubicados fuera del Espacio Econ\u00f3mico Europeo.<\/li>\n<\/ul>\n<p>En cualquier caso, en los supuestos en que pueda tener lugar transferencias internacionales de datos, EMEDE comprobar\u00e1 que el pa\u00eds importador de datos garantice un adecuado nivel de protecci\u00f3n en aplicaci\u00f3n de la normativa vigente.  <\/p>\n<p><strong>DERECHOS DE LAS PERSONAS INTERESADAS<\/strong>   <\/p>\n<p>La normativa de protecci\u00f3n de datos permite que puedas ejercer ante el responsable del tratamiento tus derechos de acceso, rectificaci\u00f3n, oposici\u00f3n, supresi\u00f3n (\u201cderecho al olvido\u201d), limitaci\u00f3n del tratamiento, portabilidad y no ser objeto de decisiones individuales automatizadas. A continuaci\u00f3n, te explicamos en qu\u00e9 consisten estos derechos:  <\/p>\n<ul>\n<li><strong>Derecho de acceso<\/strong> : Permite al interesado conocer y obtener informaci\u00f3n sobre sus datos de car\u00e1cter personal sometidos a tratamiento.<\/li>\n<li><strong>Derecho de rectificaci\u00f3n<\/strong> : Permite corregir errores, modificar los datos que resulten ser inexactos o incompletos y garantizar la certeza de sus datos personales.<\/li>\n<li><strong>Derecho de supresi\u00f3n<\/strong> : Permite solicitar la eliminaci\u00f3n de sus datos personales cuando ya no sean necesarios para la ejecuci\u00f3n o prestaci\u00f3n del servicio.<\/li>\n<li><strong>Derecho de oposici\u00f3n<\/strong> : Permite al interesado que no se lleve a cabo el tratamiento de sus datos de car\u00e1cter personal o su cese, salvo motivos leg\u00edtimos o para el ejercicio o defensa de posibles reclamaciones, en cuyo caso los mantendremos bloqueados durante el plazo correspondiente.<\/li>\n<li>\u00a7 <strong>Derecho de oposici\u00f3n al env\u00edo de publicidad<\/strong> : Los interesados \u200b\u200bpodr\u00e1n oponerse al env\u00edo de comunicaciones comerciales. En ese caso puede revocar en cualquier momento su consentimiento a recibir estas notificaciones.<\/li>\n<li><strong>Limitaci\u00f3n del tratamiento<\/strong> : En determinadas circunstancias, los interesados \u200b\u200bpodr\u00e1n solicitar la limitaci\u00f3n del tratamiento de sus datos, en cuyo caso \u00fanicamente se conservar\u00e1n para el ejercicio o defensa de reclamaciones.<\/li>\n<li><strong>Portabilidad de los datos<\/strong> : Las personas interesadas pueden solicitar recibir los datos que le incumban y que nos haya facilitado o que -siempre que t\u00e9cnicamente sea posible- se les enviamos a otro responsable del tratamiento de su elecci\u00f3n, en un formato estructurado de uso com\u00fan y lectura mec\u00e1nica.<\/li>\n<li><strong>Derecho a no ser objeto de decisiones individuales automatizadas<\/strong> <strong>(incluida la elaboraci\u00f3n de perfiles)<\/strong> : Las personas interesadas tienen derecho a no ser objeto de una decisi\u00f3n basada en el tratamiento automatizado que produzca efectos jur\u00eddicos o afecte significativamente al interesado.<\/li>\n<li><strong>Posibilidad de retirar el consentimiento<\/strong> : El interesado tiene derecho a retirar en cualquier momento el consentimiento prestado, sin que ello afecte a la licitud del tratamiento basado en el consentimiento dado en el momento de facilitarnos sus datos.<\/li>\n<\/ul>\n<p>  Si desea ejercitar alguno de los derechos expuestos, rogamos se ponga en contacto con nosotros a trav\u00e9s de los datos de contacto que aparecen en \u201cIdentificaci\u00f3n del responsable del tratamiento de los datos personales\u201d, en el que incluya la siguiente informaci\u00f3n: Nombre y apellidos , n\u00famero de DNI, direcci\u00f3n postal y\/o electr\u00f3nica de contacto, indicando el tipo de derecho y especificar las condiciones de la misma. Es posible que le pidamos informaci\u00f3n adicional con el fin de verificar su identidad. Posibilidad de reclamar ante la Autoridad de Control: EMEDE le informa igualmente del derecho que le asiste a presentar una reclamaci\u00f3n ante la Agencia Espa\u00f1ola de Protecci\u00f3n de Datos (www.agpd.es) si considera que el tratamiento no se ajusta a la normativa vigente.  <\/p>\n<p><strong>I<\/strong> <strong>NFORMACI\u00d3N ADICIONAL<\/strong>  <\/p>\n<p><strong>Menores<\/strong><\/p>\n<p>EMEDE recomienda el uso de esta p\u00e1gina web a mayores de 18 a\u00f1os. Si acceden menores de 14 a\u00f1os, ser\u00e1 necesario el consentimiento de los padres, tutores o representantes legales al menor para poder realizarse el tratamiento de sus datos personales. Los padres, tutores o representantes legales del menor ser\u00e1n los \u00fanicos responsables en relaci\u00f3n con los contenidos a los que el menor pudieran tener acceso al visitar nuestra p\u00e1gina web.  <\/p>\n<p><strong>Redes sociales<\/strong><\/p>\n<p>Es posible que EMEDE disponga de perfiles en distintas redes sociales. Tambi\u00e9n es posible que el usuario pueda acceder a los espacios privados que puedan existir en esta p\u00e1gina web a trav\u00e9s de sus cuentas en redes sociales, en lugar de acceder con un usuario y contrase\u00f1a. En estos supuestos, se informa a los usuarios que proporcionen sus datos personales con la informaci\u00f3n disponible a trav\u00e9s de su cuenta y\/o perfil de usuario en las redes sociales, que \u00e9sta es la responsable de los tratamientos de datos que se realicen, salvo que expresamente se informe de otras condiciones en un tratamiento concreto.<\/p>\n<p><strong>Conservaci\u00f3n de determinados datos<\/strong><\/p>\n<p>EMEDE informa que, en cumplimiento de las disposiciones de la Ley 25\/2007, de 18 de octubre, de conservaci\u00f3n de datos relativos a las comunicaciones electr\u00f3nicas ya las redes p\u00fablicas de comunicaciones, debe retener y conservar determinados datos de tr\u00e1fico generados durante el desarrollo de las comunicaciones con el fin de cederlos a las autoridades legitimadas, cuando concurran las circunstancias legales previstas en las mismas.  <\/p>\n<p><strong>Datos registrados<\/strong><\/p>\n<p>Nuestros servidores recopilan informaci\u00f3n de forma autom\u00e1tica cuando el usuario utiliza los servicios de las webs. Estos datos de registro pueden incluir la direcci\u00f3n IP, la identificaci\u00f3n del dispositivo desde el que se accede a los productos, el sistema operativo, y la configuraci\u00f3n del dispositivo, entre otros.  <\/p>\n<p><strong>Medidas de seguridad<\/strong><\/p>\n<p>Adem\u00e1s, se le informa que el titular del sitio web (responsable del tratamiento) tiene implantadas las medidas de seguridad t\u00e9cnicas y organizativas necesarias para garantizar la seguridad de sus datos de car\u00e1cter personal y evitar su alteraci\u00f3n, p\u00e9rdida y tratamiento y\/ o acceso no autorizado, teniendo en cuenta el estado de la tecnolog\u00eda, la naturaleza de los datos almacenados y los riesgos a los que est\u00e1n expuestos, provengan de la acci\u00f3n humana o del medio f\u00edsico o natural. Asimismo, se han establecido medidas adicionales en orden a reforzar la confidencialidad e integridad de la informaci\u00f3n en su organizaci\u00f3n, manteniendo continuamente la supervisi\u00f3n, control y evaluaci\u00f3n de los procesos para asegurar el respeto a la privacidad de los datos.  <\/p>\n<p><strong>Cookies<\/strong><\/p>\n<p>Nuestra p\u00e1gina web utiliza cookies propias y de terceros. Podr\u00e1s encontrar toda la informaci\u00f3n detallada relativa a las cookies en nuestra Pol\u00edtica de Cookies.<\/p>\n\t\t\t\t\t\t\t\t<\/div>\n\t\t\t\t<\/div>\n\t\t\t\t\t<\/div>\n\t\t<\/div>\n\t\t\t\t\t<\/div>\n\t\t<\/section>\n\t\t\t\t<\/div>\n\t\t","protected":false},"excerpt":{"rendered":"<p>Pol\u00edtica de privacidad Por medio de este sitio web, se recogen datos de car\u00e1cter personal necesarios para la gesti\u00f3n y mantenimiento de algunos de nuestros servicios. Le informamos que el titular del sitio web (responsable del tratamiento) cumple con la Ley Org\u00e1nica 3\/2018, de 5 de diciembre, de Protecci\u00f3n de Datos Personal y garant\u00eda de [&hellip;]<\/p>\n","protected":false},"author":1,"featured_media":0,"parent":0,"menu_order":0,"comment_status":"closed","ping_status":"closed","template":"","meta":{"ocean_post_layout":"","ocean_both_sidebars_style":"","ocean_both_sidebars_content_width":0,"ocean_both_sidebars_sidebars_width":0,"ocean_sidebar":"0","ocean_second_sidebar":"0","ocean_disable_margins":"enable","ocean_add_body_class":"","ocean_shortcode_before_top_bar":"","ocean_shortcode_after_top_bar":"","ocean_shortcode_before_header":"","ocean_shortcode_after_header":"","ocean_has_shortcode":"","ocean_shortcode_after_title":"","ocean_shortcode_before_footer_widgets":"","ocean_shortcode_after_footer_widgets":"","ocean_shortcode_before_footer_bottom":"","ocean_shortcode_after_footer_bottom":"","ocean_display_top_bar":"default","ocean_display_header":"default","ocean_header_style":"","ocean_center_header_left_menu":"0","ocean_custom_header_template":"0","ocean_custom_logo":0,"ocean_custom_retina_logo":0,"ocean_custom_logo_max_width":0,"ocean_custom_logo_tablet_max_width":0,"ocean_custom_logo_mobile_max_width":0,"ocean_custom_logo_max_height":0,"ocean_custom_logo_tablet_max_height":0,"ocean_custom_logo_mobile_max_height":0,"ocean_header_custom_menu":"0","ocean_menu_typo_font_family":"0","ocean_menu_typo_font_subset":"","ocean_menu_typo_font_size":0,"ocean_menu_typo_font_size_tablet":0,"ocean_menu_typo_font_size_mobile":0,"ocean_menu_typo_font_size_unit":"px","ocean_menu_typo_font_weight":"","ocean_menu_typo_font_weight_tablet":"","ocean_menu_typo_font_weight_mobile":"","ocean_menu_typo_transform":"","ocean_menu_typo_transform_tablet":"","ocean_menu_typo_transform_mobile":"","ocean_menu_typo_line_height":0,"ocean_menu_typo_line_height_tablet":0,"ocean_menu_typo_line_height_mobile":0,"ocean_menu_typo_line_height_unit":"","ocean_menu_typo_spacing":0,"ocean_menu_typo_spacing_tablet":0,"ocean_menu_typo_spacing_mobile":0,"ocean_menu_typo_spacing_unit":"","ocean_menu_link_color":"","ocean_menu_link_color_hover":"","ocean_menu_link_color_active":"","ocean_menu_link_background":"","ocean_menu_link_hover_background":"","ocean_menu_link_active_background":"","ocean_menu_social_links_bg":"","ocean_menu_social_hover_links_bg":"","ocean_menu_social_links_color":"","ocean_menu_social_hover_links_color":"","ocean_disable_title":"default","ocean_disable_heading":"default","ocean_post_title":"","ocean_post_subheading":"","ocean_post_title_style":"","ocean_post_title_background_color":"","ocean_post_title_background":0,"ocean_post_title_bg_image_position":"","ocean_post_title_bg_image_attachment":"","ocean_post_title_bg_image_repeat":"","ocean_post_title_bg_image_size":"","ocean_post_title_height":0,"ocean_post_title_bg_overlay":0.5,"ocean_post_title_bg_overlay_color":"","ocean_disable_breadcrumbs":"default","ocean_breadcrumbs_color":"","ocean_breadcrumbs_separator_color":"","ocean_breadcrumbs_links_color":"","ocean_breadcrumbs_links_hover_color":"","ocean_display_footer_widgets":"default","ocean_display_footer_bottom":"default","ocean_custom_footer_template":"0","footnotes":""},"class_list":["post-4602","page","type-page","status-publish","hentry","entry","owp-thumbs-layout-horizontal","owp-btn-normal","owp-tabs-layout-horizontal","has-no-thumbnails"],"_links":{"self":[{"href":"https:\/\/upc-shop.com\/es\/wp-json\/wp\/v2\/pages\/4602","targetHints":{"allow":["GET"]}}],"collection":[{"href":"https:\/\/upc-shop.com\/es\/wp-json\/wp\/v2\/pages"}],"about":[{"href":"https:\/\/upc-shop.com\/es\/wp-json\/wp\/v2\/types\/page"}],"author":[{"embeddable":true,"href":"https:\/\/upc-shop.com\/es\/wp-json\/wp\/v2\/users\/1"}],"replies":[{"embeddable":true,"href":"https:\/\/upc-shop.com\/es\/wp-json\/wp\/v2\/comments?post=4602"}],"version-history":[{"count":1,"href":"https:\/\/upc-shop.com\/es\/wp-json\/wp\/v2\/pages\/4602\/revisions"}],"predecessor-version":[{"id":4603,"href":"https:\/\/upc-shop.com\/es\/wp-json\/wp\/v2\/pages\/4602\/revisions\/4603"}],"wp:attachment":[{"href":"https:\/\/upc-shop.com\/es\/wp-json\/wp\/v2\/media?parent=4602"}],"curies":[{"name":"wp","href":"https:\/\/api.w.org\/{rel}","templated":true}]}}