{"id":4598,"date":"2023-06-05T19:52:22","date_gmt":"2023-06-05T19:52:22","guid":{"rendered":"https:\/\/upc-shop.com\/compromiso-ecologico\/"},"modified":"2023-07-11T22:11:51","modified_gmt":"2023-07-11T22:11:51","slug":"compromiso-ecologico","status":"publish","type":"page","link":"https:\/\/upc-shop.com\/es\/compromiso-ecologico\/","title":{"rendered":"Compromiso ecol\u00f3gico"},"content":{"rendered":"\t\t<div data-elementor-type=\"wp-page\" data-elementor-id=\"4598\" class=\"elementor elementor-4598 elementor-5\">\n\t\t\t\t\t\t<section class=\"elementor-section elementor-top-section elementor-element elementor-element-b775201 elementor-section-height-min-height elementor-section-items-stretch elementor-section-content-middle elementor-section-stretched elementor-section-boxed elementor-section-height-default\" data-id=\"b775201\" data-element_type=\"section\" data-settings=\"{&quot;stretch_section&quot;:&quot;section-stretched&quot;,&quot;background_background&quot;:&quot;classic&quot;}\">\n\t\t\t\t\t\t<div class=\"elementor-container elementor-column-gap-default\">\n\t\t\t\t\t<div class=\"elementor-column elementor-col-100 elementor-top-column elementor-element elementor-element-fe6d563\" data-id=\"fe6d563\" data-element_type=\"column\">\n\t\t\t<div class=\"elementor-widget-wrap elementor-element-populated\">\n\t\t\t\t\t\t<div class=\"elementor-element elementor-element-280a677 elementor-widget elementor-widget-heading\" data-id=\"280a677\" data-element_type=\"widget\" data-widget_type=\"heading.default\">\n\t\t\t\t<div class=\"elementor-widget-container\">\n\t\t\t\t\t<h1 class=\"elementor-heading-title elementor-size-default\">Compromiso con el medio ambiente<\/h1>\t\t\t\t<\/div>\n\t\t\t\t<\/div>\n\t\t\t\t\t<\/div>\n\t\t<\/div>\n\t\t\t\t\t<\/div>\n\t\t<\/section>\n\t\t\t\t<section class=\"elementor-section elementor-top-section elementor-element elementor-element-9436afc elementor-section-boxed elementor-section-height-default elementor-section-height-default\" data-id=\"9436afc\" data-element_type=\"section\">\n\t\t\t\t\t\t<div class=\"elementor-container elementor-column-gap-default\">\n\t\t\t\t\t<div class=\"elementor-column elementor-col-100 elementor-top-column elementor-element elementor-element-17d8352\" data-id=\"17d8352\" data-element_type=\"column\">\n\t\t\t<div class=\"elementor-widget-wrap elementor-element-populated\">\n\t\t\t\t\t\t<div class=\"elementor-element elementor-element-e31e6ee elementor-widget elementor-widget-spacer\" data-id=\"e31e6ee\" data-element_type=\"widget\" data-widget_type=\"spacer.default\">\n\t\t\t\t<div class=\"elementor-widget-container\">\n\t\t\t\t\t\t\t<div class=\"elementor-spacer\">\n\t\t\t<div class=\"elementor-spacer-inner\"><\/div>\n\t\t<\/div>\n\t\t\t\t\t\t<\/div>\n\t\t\t\t<\/div>\n\t\t\t\t\t<\/div>\n\t\t<\/div>\n\t\t\t\t\t<\/div>\n\t\t<\/section>\n\t\t\t\t<section class=\"elementor-section elementor-top-section elementor-element elementor-element-0f7b562 elementor-section-boxed elementor-section-height-default elementor-section-height-default\" data-id=\"0f7b562\" data-element_type=\"section\">\n\t\t\t\t\t\t<div class=\"elementor-container elementor-column-gap-default\">\n\t\t\t\t\t<div class=\"elementor-column elementor-col-50 elementor-top-column elementor-element elementor-element-c60955f\" data-id=\"c60955f\" data-element_type=\"column\">\n\t\t\t<div class=\"elementor-widget-wrap elementor-element-populated\">\n\t\t\t\t\t\t<div class=\"elementor-element elementor-element-72b80b1 elementor-position-left elementor-vertical-align-top elementor-widget elementor-widget-image-box\" data-id=\"72b80b1\" data-element_type=\"widget\" data-widget_type=\"image-box.default\">\n\t\t\t\t<div class=\"elementor-widget-container\">\n\t\t\t\t\t<div class=\"elementor-image-box-wrapper\"><figure class=\"elementor-image-box-img\"><img decoding=\"async\" src=\"https:\/\/upc-shop.com\/wp-content\/uploads\/2023\/06\/icono-botella-300x300-1.png\" title=\"icono-botella-300&#215;300\" alt=\"icono-botella-300x300\" loading=\"lazy\" \/><\/figure><div class=\"elementor-image-box-content\"><h2 class=\"elementor-image-box-title\">RPET<\/h2><p class=\"elementor-image-box-description\">El PET reciclado, rPET o poli\u00e9ster reciclado es un material obtenido a partir del reciclaje de materiales sobrantes. En su mayor\u00eda proviene del reciclaje de botellas de PET y, en menor medida, de restos industriales de poli\u00e9ster o de ropa.<\/p><\/div><\/div>\t\t\t\t<\/div>\n\t\t\t\t<\/div>\n\t\t\t\t\t<\/div>\n\t\t<\/div>\n\t\t\t\t<div class=\"elementor-column elementor-col-50 elementor-top-column elementor-element elementor-element-043e989\" data-id=\"043e989\" data-element_type=\"column\">\n\t\t\t<div class=\"elementor-widget-wrap elementor-element-populated\">\n\t\t\t\t\t\t<div class=\"elementor-element elementor-element-df4920f elementor-position-left elementor-vertical-align-top elementor-widget elementor-widget-image-box\" data-id=\"df4920f\" data-element_type=\"widget\" data-widget_type=\"image-box.default\">\n\t\t\t\t<div class=\"elementor-widget-container\">\n\t\t\t\t\t<div class=\"elementor-image-box-wrapper\"><figure class=\"elementor-image-box-img\"><img decoding=\"async\" src=\"https:\/\/upc-shop.com\/wp-content\/uploads\/2023\/06\/icono-vegan.png\" title=\"icono-vegan\" alt=\"icono-vegan\" loading=\"lazy\" \/><\/figure><div class=\"elementor-image-box-content\"><h2 class=\"elementor-image-box-title\">Vegano<\/h2><p class=\"elementor-image-box-description\">Acredita que el producto no contiene ingrediente animal y que est\u00e1 comprobado mediante diversas evaluaciones de conformidad y pruebas en su producci\u00f3n de que ning\u00fan animal est\u00e1 expuesto a explotaci\u00f3n alguna.<\/p><\/div><\/div>\t\t\t\t<\/div>\n\t\t\t\t<\/div>\n\t\t\t\t\t<\/div>\n\t\t<\/div>\n\t\t\t\t\t<\/div>\n\t\t<\/section>\n\t\t\t\t<section class=\"elementor-section elementor-top-section elementor-element elementor-element-ae6b70e elementor-section-boxed elementor-section-height-default elementor-section-height-default\" data-id=\"ae6b70e\" data-element_type=\"section\">\n\t\t\t\t\t\t<div class=\"elementor-container elementor-column-gap-default\">\n\t\t\t\t\t<div class=\"elementor-column elementor-col-50 elementor-top-column elementor-element elementor-element-992fcc6\" data-id=\"992fcc6\" data-element_type=\"column\">\n\t\t\t<div class=\"elementor-widget-wrap elementor-element-populated\">\n\t\t\t\t\t\t<div class=\"elementor-element elementor-element-7437c5a elementor-position-left elementor-vertical-align-top elementor-widget elementor-widget-image-box\" data-id=\"7437c5a\" data-element_type=\"widget\" data-widget_type=\"image-box.default\">\n\t\t\t\t<div class=\"elementor-widget-container\">\n\t\t\t\t\t<div class=\"elementor-image-box-wrapper\"><figure class=\"elementor-image-box-img\"><img decoding=\"async\" src=\"https:\/\/upc-shop.com\/wp-content\/uploads\/2023\/06\/icono-poliester-reciclado-300x300-1.png\" title=\"icono-poliester-reciclado-300&#215;300\" alt=\"icono-poliester-reciclado-300x300\" loading=\"lazy\" \/><\/figure><div class=\"elementor-image-box-content\"><h2 class=\"elementor-image-box-title\">Poli\u00e9ster reciclado<\/h2><p class=\"elementor-image-box-description\">Se utiliza tanto para la fabricaci\u00f3n de envases como para la <strong>creaci\u00f3n de prendas<\/strong> . Despu\u00e9s de un proceso de reciclaje -que no implica la extracci\u00f3n de petr\u00f3leo- se producen los hilos con los que se elaborar\u00e1 el poli\u00e9ster reciclado y se tejer\u00e1n las piezas ecol\u00f3gicas.<\/p><\/div><\/div>\t\t\t\t<\/div>\n\t\t\t\t<\/div>\n\t\t\t\t\t<\/div>\n\t\t<\/div>\n\t\t\t\t<div class=\"elementor-column elementor-col-50 elementor-top-column elementor-element elementor-element-8d174f7\" data-id=\"8d174f7\" data-element_type=\"column\">\n\t\t\t<div class=\"elementor-widget-wrap elementor-element-populated\">\n\t\t\t\t\t\t<div class=\"elementor-element elementor-element-a656e35 elementor-position-left elementor-vertical-align-top elementor-widget elementor-widget-image-box\" data-id=\"a656e35\" data-element_type=\"widget\" data-widget_type=\"image-box.default\">\n\t\t\t\t<div class=\"elementor-widget-container\">\n\t\t\t\t\t<div class=\"elementor-image-box-wrapper\"><figure class=\"elementor-image-box-img\"><img decoding=\"async\" src=\"https:\/\/upc-shop.com\/wp-content\/uploads\/2023\/06\/icono-algodon-organico-100-300x300-1.webp\" title=\"icono-algodon-organico-100-300&#215;300\" alt=\"icono-algodon-organico-100-300x300\" loading=\"lazy\" \/><\/figure><div class=\"elementor-image-box-content\"><h2 class=\"elementor-image-box-title\">Algod\u00f3n org\u00e1nico<\/h2><p class=\"elementor-image-box-description\">Cultivado usando m\u00e9todos sostenibles con bajo impacto para el medio ambiente. La no utilizaci\u00f3n de insecticidas, fertilizantes u otros productos qu\u00edmicos en el proceso de hilado y producci\u00f3n da como resultado un tejido c\u00f3modo, 100% derivado de plantas e hipoalerg\u00e9nico, de alta sostenibilidad en la cadena de suministro, en un tono natural que reivindica la agricultura tradicional.<\/p><\/div><\/div>\t\t\t\t<\/div>\n\t\t\t\t<\/div>\n\t\t\t\t\t<\/div>\n\t\t<\/div>\n\t\t\t\t\t<\/div>\n\t\t<\/section>\n\t\t\t\t<section class=\"elementor-section elementor-top-section elementor-element elementor-element-e946445 elementor-section-boxed elementor-section-height-default elementor-section-height-default\" data-id=\"e946445\" data-element_type=\"section\">\n\t\t\t\t\t\t<div class=\"elementor-container elementor-column-gap-default\">\n\t\t\t\t\t<div class=\"elementor-column elementor-col-100 elementor-top-column elementor-element elementor-element-ced1824\" data-id=\"ced1824\" data-element_type=\"column\">\n\t\t\t<div class=\"elementor-widget-wrap elementor-element-populated\">\n\t\t\t\t\t\t<div class=\"elementor-element elementor-element-b3d558e elementor-position-left elementor-widget__width-initial compromisos elementor-vertical-align-top elementor-widget elementor-widget-image-box\" data-id=\"b3d558e\" data-element_type=\"widget\" data-widget_type=\"image-box.default\">\n\t\t\t\t<div class=\"elementor-widget-container\">\n\t\t\t\t\t<div class=\"elementor-image-box-wrapper\"><figure class=\"elementor-image-box-img\"><img decoding=\"async\" src=\"https:\/\/upc-shop.com\/wp-content\/uploads\/2023\/06\/icono-GOTS_grey.png\" title=\"icono-GOTS_grey\" alt=\"icono-GOTS_grey\" loading=\"lazy\" \/><\/figure><div class=\"elementor-image-box-content\"><h2 class=\"elementor-image-box-title\">GATOS<\/h2><p class=\"elementor-image-box-description\">Es el est\u00e1ndar por el que se aprueba que los tejidos y textiles est\u00e1n hechos de fibras org\u00e1nicas. S\u00f3lo los textiles fabricados con un 70% de fibras org\u00e1nicas pueden obtener este tipo de certificaci\u00f3n. El objetivo del GOTS es definir los requisitos reconocidos a nivel mundial que aseguran el estado org\u00e1nico de los textiles, desde la recolecci\u00f3n de las materias primas, incluyendo la fabricaci\u00f3n responsable desde el punto de vista ambiental, social y hasta el etiquetado para proporcionar una garant\u00eda cre\u00edble al consumidor final; es decir, su mirada est\u00e1 puesta en generar confianza y transparencia de toda la cadena de proveedores. Los procesadores y fabricantes de textiles est\u00e1n habilitados para exportar sus telas y prendas org\u00e1nicas con una certificaci\u00f3n aceptada a todos los mercados principales.<\/p><\/div><\/div>\t\t\t\t<\/div>\n\t\t\t\t<\/div>\n\t\t\t\t\t<\/div>\n\t\t<\/div>\n\t\t\t\t\t<\/div>\n\t\t<\/section>\n\t\t\t\t<section class=\"elementor-section elementor-top-section elementor-element elementor-element-197e55f elementor-section-boxed elementor-section-height-default elementor-section-height-default\" data-id=\"197e55f\" data-element_type=\"section\">\n\t\t\t\t\t\t<div class=\"elementor-container elementor-column-gap-default\">\n\t\t\t\t\t<div class=\"elementor-column elementor-col-50 elementor-top-column elementor-element elementor-element-63d274d\" data-id=\"63d274d\" data-element_type=\"column\">\n\t\t\t<div class=\"elementor-widget-wrap elementor-element-populated\">\n\t\t\t\t\t\t<div class=\"elementor-element elementor-element-a9db2fe elementor-position-left elementor-vertical-align-top elementor-widget elementor-widget-image-box\" data-id=\"a9db2fe\" data-element_type=\"widget\" data-widget_type=\"image-box.default\">\n\t\t\t\t<div class=\"elementor-widget-container\">\n\t\t\t\t\t<div class=\"elementor-image-box-wrapper\"><figure class=\"elementor-image-box-img\"><img decoding=\"async\" src=\"https:\/\/upc-shop.com\/wp-content\/uploads\/2023\/06\/icono-oetko-grey.webp\" title=\"icono-oetko-grey\" alt=\"icono-oetko-grey\" loading=\"lazy\" \/><\/figure><div class=\"elementor-image-box-content\"><h2 class=\"elementor-image-box-title\">OEKO-TEX Standard 100<\/h2><p class=\"elementor-image-box-description\">La etiqueta ecol\u00f3gica m\u00e1s utilizada en el mundo para garantizar que los productos han sido analizados frente a m\u00e1s de 300 sustancias nocivas. La certificaci\u00f3n se basa en el cat\u00e1logo de criterios OEKO-TEX\u00ae con fundamento cient\u00edfico y pruebas de laboratorio neutrales, atendiendo a numerosas sustancias, tanto reguladas como no reguladas, que podr\u00edan ser perjudiciales para la salud, as\u00ed como par\u00e1metros preventivos.<\/p><\/div><\/div>\t\t\t\t<\/div>\n\t\t\t\t<\/div>\n\t\t\t\t\t<\/div>\n\t\t<\/div>\n\t\t\t\t<div class=\"elementor-column elementor-col-50 elementor-top-column elementor-element elementor-element-33e7715\" data-id=\"33e7715\" data-element_type=\"column\">\n\t\t\t<div class=\"elementor-widget-wrap elementor-element-populated\">\n\t\t\t\t\t\t<div class=\"elementor-element elementor-element-02b0b29 elementor-position-left elementor-vertical-align-top elementor-widget elementor-widget-image-box\" data-id=\"02b0b29\" data-element_type=\"widget\" data-widget_type=\"image-box.default\">\n\t\t\t\t<div class=\"elementor-widget-container\">\n\t\t\t\t\t<div class=\"elementor-image-box-wrapper\"><figure class=\"elementor-image-box-img\"><img decoding=\"async\" src=\"https:\/\/upc-shop.com\/wp-content\/uploads\/2023\/06\/icono-lavado-enzimatico-300x300-1.png\" title=\"icono-lavado-enzimatico-300&#215;300\" alt=\"icono-lavado-enzimatico-300x300\" loading=\"lazy\" \/><\/figure><div class=\"elementor-image-box-content\"><h2 class=\"elementor-image-box-title\">Lavado enzim\u00e1tico<\/h2><p class=\"elementor-image-box-description\">El lavado enzim\u00e1tico es un procedimiento textil de acabado final que se utiliza para suavizar un tejido. Aplicando enzimas de forma parcial, se consigue un tacto m\u00e1s suave y\/o se reduce o elimina la microfibra. Se aplica generalmente al algod\u00f3n, denim, tencel o seaqual.<\/p><\/div><\/div>\t\t\t\t<\/div>\n\t\t\t\t<\/div>\n\t\t\t\t\t<\/div>\n\t\t<\/div>\n\t\t\t\t\t<\/div>\n\t\t<\/section>\n\t\t\t\t<section class=\"elementor-section elementor-top-section elementor-element elementor-element-661ef5e elementor-section-boxed elementor-section-height-default elementor-section-height-default\" data-id=\"661ef5e\" data-element_type=\"section\">\n\t\t\t\t\t\t<div class=\"elementor-container elementor-column-gap-default\">\n\t\t\t\t\t<div class=\"elementor-column elementor-col-100 elementor-top-column elementor-element elementor-element-e8370cc\" data-id=\"e8370cc\" data-element_type=\"column\">\n\t\t\t<div class=\"elementor-widget-wrap elementor-element-populated\">\n\t\t\t\t\t\t<div class=\"elementor-element elementor-element-495c178 elementor-position-left elementor-widget__width-initial compromisos elementor-vertical-align-top elementor-widget elementor-widget-image-box\" data-id=\"495c178\" data-element_type=\"widget\" data-widget_type=\"image-box.default\">\n\t\t\t\t<div class=\"elementor-widget-container\">\n\t\t\t\t\t<div class=\"elementor-image-box-wrapper\"><figure class=\"elementor-image-box-img\"><img decoding=\"async\" src=\"https:\/\/upc-shop.com\/wp-content\/uploads\/2023\/07\/RECICLAT.png\" title=\"RECICLAT\" alt=\"RECICLAT\" loading=\"lazy\" \/><\/figure><div class=\"elementor-image-box-content\"><h2 class=\"elementor-image-box-title\">Reciclado<\/h2><p class=\"elementor-image-box-description\">El material reciclado es un elemento que despu\u00e9s <span style=\"font-family: Roboto;font-size: 17px;font-style: normal\">de su uso principal, puede volver a<\/span> tener una vida \u00fatil, siendo utilizado en la creaci\u00f3n de nuevos productos.<\/p><\/div><\/div>\t\t\t\t<\/div>\n\t\t\t\t<\/div>\n\t\t\t\t\t<\/div>\n\t\t<\/div>\n\t\t\t\t\t<\/div>\n\t\t<\/section>\n\t\t\t\t<\/div>\n\t\t","protected":false},"excerpt":{"rendered":"<p>Compromiso con el medio ambiente RPET El PET reciclado, rPET o poli\u00e9ster reciclado es un material obtenido a partir del reciclaje de materiales sobrantes. En su mayor\u00eda proviene del reciclaje de botellas de PET y, en menor medida, de restos industriales de poli\u00e9ster o de ropa. Vegano Acredita que el producto no contiene ingrediente animal [&hellip;]<\/p>\n","protected":false},"author":1,"featured_media":0,"parent":0,"menu_order":0,"comment_status":"closed","ping_status":"closed","template":"","meta":{"ocean_post_layout":"","ocean_both_sidebars_style":"","ocean_both_sidebars_content_width":0,"ocean_both_sidebars_sidebars_width":0,"ocean_sidebar":"0","ocean_second_sidebar":"0","ocean_disable_margins":"enable","ocean_add_body_class":"","ocean_shortcode_before_top_bar":"","ocean_shortcode_after_top_bar":"","ocean_shortcode_before_header":"","ocean_shortcode_after_header":"","ocean_has_shortcode":"","ocean_shortcode_after_title":"","ocean_shortcode_before_footer_widgets":"","ocean_shortcode_after_footer_widgets":"","ocean_shortcode_before_footer_bottom":"","ocean_shortcode_after_footer_bottom":"","ocean_display_top_bar":"default","ocean_display_header":"default","ocean_header_style":"","ocean_center_header_left_menu":"0","ocean_custom_header_template":"0","ocean_custom_logo":0,"ocean_custom_retina_logo":0,"ocean_custom_logo_max_width":0,"ocean_custom_logo_tablet_max_width":0,"ocean_custom_logo_mobile_max_width":0,"ocean_custom_logo_max_height":0,"ocean_custom_logo_tablet_max_height":0,"ocean_custom_logo_mobile_max_height":0,"ocean_header_custom_menu":"0","ocean_menu_typo_font_family":"0","ocean_menu_typo_font_subset":"","ocean_menu_typo_font_size":0,"ocean_menu_typo_font_size_tablet":0,"ocean_menu_typo_font_size_mobile":0,"ocean_menu_typo_font_size_unit":"px","ocean_menu_typo_font_weight":"","ocean_menu_typo_font_weight_tablet":"","ocean_menu_typo_font_weight_mobile":"","ocean_menu_typo_transform":"","ocean_menu_typo_transform_tablet":"","ocean_menu_typo_transform_mobile":"","ocean_menu_typo_line_height":0,"ocean_menu_typo_line_height_tablet":0,"ocean_menu_typo_line_height_mobile":0,"ocean_menu_typo_line_height_unit":"","ocean_menu_typo_spacing":0,"ocean_menu_typo_spacing_tablet":0,"ocean_menu_typo_spacing_mobile":0,"ocean_menu_typo_spacing_unit":"","ocean_menu_link_color":"","ocean_menu_link_color_hover":"","ocean_menu_link_color_active":"","ocean_menu_link_background":"","ocean_menu_link_hover_background":"","ocean_menu_link_active_background":"","ocean_menu_social_links_bg":"","ocean_menu_social_hover_links_bg":"","ocean_menu_social_links_color":"","ocean_menu_social_hover_links_color":"","ocean_disable_title":"default","ocean_disable_heading":"default","ocean_post_title":"","ocean_post_subheading":"","ocean_post_title_style":"","ocean_post_title_background_color":"","ocean_post_title_background":0,"ocean_post_title_bg_image_position":"","ocean_post_title_bg_image_attachment":"","ocean_post_title_bg_image_repeat":"","ocean_post_title_bg_image_size":"","ocean_post_title_height":0,"ocean_post_title_bg_overlay":0.5,"ocean_post_title_bg_overlay_color":"","ocean_disable_breadcrumbs":"default","ocean_breadcrumbs_color":"","ocean_breadcrumbs_separator_color":"","ocean_breadcrumbs_links_color":"","ocean_breadcrumbs_links_hover_color":"","ocean_display_footer_widgets":"default","ocean_display_footer_bottom":"default","ocean_custom_footer_template":"0","footnotes":""},"class_list":["post-4598","page","type-page","status-publish","hentry","entry","owp-thumbs-layout-horizontal","owp-btn-normal","owp-tabs-layout-horizontal","has-no-thumbnails"],"_links":{"self":[{"href":"https:\/\/upc-shop.com\/es\/wp-json\/wp\/v2\/pages\/4598","targetHints":{"allow":["GET"]}}],"collection":[{"href":"https:\/\/upc-shop.com\/es\/wp-json\/wp\/v2\/pages"}],"about":[{"href":"https:\/\/upc-shop.com\/es\/wp-json\/wp\/v2\/types\/page"}],"author":[{"embeddable":true,"href":"https:\/\/upc-shop.com\/es\/wp-json\/wp\/v2\/users\/1"}],"replies":[{"embeddable":true,"href":"https:\/\/upc-shop.com\/es\/wp-json\/wp\/v2\/comments?post=4598"}],"version-history":[{"count":1,"href":"https:\/\/upc-shop.com\/es\/wp-json\/wp\/v2\/pages\/4598\/revisions"}],"predecessor-version":[{"id":4599,"href":"https:\/\/upc-shop.com\/es\/wp-json\/wp\/v2\/pages\/4598\/revisions\/4599"}],"wp:attachment":[{"href":"https:\/\/upc-shop.com\/es\/wp-json\/wp\/v2\/media?parent=4598"}],"curies":[{"name":"wp","href":"https:\/\/api.w.org\/{rel}","templated":true}]}}